{"id":6309,"date":"2024-06-17T16:38:36","date_gmt":"2024-06-17T14:38:36","guid":{"rendered":"https:\/\/azurloft.h-wd.fr\/?page_id=6309"},"modified":"2026-02-26T23:10:57","modified_gmt":"2026-02-26T22:10:57","slug":"tarifs-disponibilites","status":"publish","type":"page","link":"https:\/\/azurloftdesign.com\/en\/rates-availability\/","title":{"rendered":"Rates &amp; availability"},"content":{"rendered":"<div data-elementor-type=\"wp-page\" data-elementor-id=\"6309\" class=\"elementor elementor-6309\">\n\t\t\t\t<div class=\"elementor-element elementor-element-5b119cf e-con-full e-flex e-con e-parent\" data-id=\"5b119cf\" data-element_type=\"container\" data-settings=\"{&quot;background_background&quot;:&quot;classic&quot;}\">\n\t\t\t\t<div class=\"elementor-element elementor-element-7f1e1f0 elementor-widget elementor-widget-nuss-heading\" data-id=\"7f1e1f0\" data-element_type=\"widget\" data-widget_type=\"nuss-heading.default\">\n\t\t\t\t<div class=\"elementor-widget-container\">\n\t\t\t\t\t<div class=\"nuss-modern-heading\">\r\n\t\t\t\t\t<div class=\"heading-secondary-wrap\">\r\n\t\t\t<span class=\"heading-secondary elementor-heading-title\">Villa Arty Rivera Saint Paul De Vence<\/span>\t\t<\/div>\r\n\t\t\r\n\t\t\t\t\t<div class=\"heading-primary-wrap\">\r\n\t\t\t<h2 class=\"heading-primary elementor-heading-title\">Rates &amp; availability<\/h2>\t\t<\/div>\r\n\t\t\r\n\t\t\t\r\n\t\t\t\t\t<\/div>\r\n\t\t\t\t<\/div>\n\t\t\t\t<\/div>\n\t\t\t\t<\/div>\n\t\t\t\t<section class=\"elementor-section elementor-top-section elementor-element elementor-element-d451619 elementor-section-boxed elementor-section-gap-beside-yes elementor-section-height-default elementor-section-height-default elementor-section-column-vertical-align-stretch\" data-id=\"d451619\" data-element_type=\"section\">\n\t\t\t\t\t\t<div class=\"elementor-container elementor-column-gap-extended\">\n\t\t\t\t\t<div class=\"elementor-column elementor-col-100 elementor-top-column elementor-element elementor-element-f585ae5\" data-id=\"f585ae5\" data-element_type=\"column\">\n\t\t\t<div class=\"elementor-widget-wrap elementor-element-populated\">\n\t\t\t\t\t\t<div class=\"elementor-element elementor-element-b8e289b elementor-widget elementor-widget-shortcode\" data-id=\"b8e289b\" data-element_type=\"widget\" data-widget_type=\"shortcode.default\">\n\t\t\t\t<div class=\"elementor-widget-container\">\n\t\t\t\t\t<div class=\"elementor-shortcode\"><\/div>\n\t\t\t\t<\/div>\n\t\t\t\t<\/div>\n\t\t\t\t\t<\/div>\n\t\t<\/div>\n\t\t\t\t\t<\/div>\n\t\t<\/section>\n\t\t<div class=\"elementor-element elementor-element-398f8e2 e-flex e-con-boxed e-con e-parent\" data-id=\"398f8e2\" data-element_type=\"container\" data-settings=\"{&quot;background_background&quot;:&quot;classic&quot;}\">\n\t\t\t\t\t<div class=\"e-con-inner\">\n\t\t\t\t<div class=\"elementor-element elementor-element-e8c7363 elementor-widget__width-inherit elementor-widget elementor-widget-image\" data-id=\"e8c7363\" data-element_type=\"widget\" data-widget_type=\"image.default\">\n\t\t\t\t<div class=\"elementor-widget-container\">\n\t\t\t<style>\/*! elementor - v3.23.0 - 05-08-2024 *\/\n.elementor-widget-image{text-align:center}.elementor-widget-image a{display:inline-block}.elementor-widget-image a img[src$=\".svg\"]{width:48px}.elementor-widget-image img{vertical-align:middle;display:inline-block}<\/style>\t\t\t\t\t\t\t\t\t\t<img fetchpriority=\"high\" decoding=\"async\" width=\"500\" height=\"500\" src=\"https:\/\/azurloftdesign.com\/wp-content\/uploads\/2024\/06\/10.png\" class=\"attachment-large size-large wp-image-6198\" alt=\"\" srcset=\"https:\/\/azurloftdesign.com\/wp-content\/uploads\/2024\/06\/10.png 500w, https:\/\/azurloftdesign.com\/wp-content\/uploads\/2024\/06\/10-300x300.png 300w, https:\/\/azurloftdesign.com\/wp-content\/uploads\/2024\/06\/10-150x150.png 150w\" sizes=\"(max-width: 500px) 100vw, 500px\" \/>\t\t\t\t\t\t\t\t\t\t\t\t\t<\/div>\n\t\t\t\t<\/div>\n\t\t\t\t<div class=\"elementor-element elementor-element-7725e2d elementor-widget elementor-widget-nuss-heading\" data-id=\"7725e2d\" data-element_type=\"widget\" data-widget_type=\"nuss-heading.default\">\n\t\t\t\t<div class=\"elementor-widget-container\">\n\t\t\t\t\t<div class=\"nuss-modern-heading\">\r\n\t\t\t\t\t<div class=\"heading-secondary-wrap\">\r\n\t\t\t<span class=\"heading-secondary elementor-heading-title\">Rental conditions<\/span>\t\t<\/div>\r\n\t\t\r\n\t\t\t\t\t<div class=\"heading-primary-wrap\">\r\n\t\t\t<h2 class=\"heading-primary elementor-heading-title\">Restrictions<\/h2>\t\t<\/div>\r\n\t\t\r\n\t\t\t\r\n\t\t\t\t\t<\/div>\r\n\t\t\t\t<\/div>\n\t\t\t\t<\/div>\n\t\t\t\t<div class=\"elementor-element elementor-element-25c9f63 elementor-align-center elementor-icon-list--layout-traditional elementor-list-item-link-full_width elementor-widget elementor-widget-icon-list\" data-id=\"25c9f63\" data-element_type=\"widget\" data-widget_type=\"icon-list.default\">\n\t\t\t\t<div class=\"elementor-widget-container\">\n\t\t\t<link rel=\"stylesheet\" href=\"https:\/\/azurloftdesign.com\/wp-content\/plugins\/elementor\/assets\/css\/widget-icon-list.min.css\">\t\t<ul class=\"elementor-icon-list-items\">\n\t\t\t\t\t\t\t<li class=\"elementor-icon-list-item\">\n\t\t\t\t\t\t\t\t\t\t\t<span class=\"elementor-icon-list-icon\">\n\t\t\t\t\t\t\t<svg xmlns=\"http:\/\/www.w3.org\/2000\/svg\" viewbox=\"0 0 320 512\"><path d=\"M95.1 64C95.1 28.65 124.7 0 160 0C195.3 0 224 28.65 224 64C224 99.35 195.3 128 160 128C124.7 128 95.1 99.35 95.1 64zM160 112C186.5 112 208 90.51 208 64C208 37.49 186.5 16 160 16C133.5 16 111.1 37.49 111.1 64C111.1 90.51 133.5 112 160 112zM158.5 176C126 176 96.16 193.9 80.86 222.5L31.06 315.8C28.98 319.7 24.13 321.1 20.23 319.1C16.34 316.1 14.86 312.1 16.95 308.2L66.75 214.1C84.83 181.1 120.1 160 158.5 160H161.5C199.9 160 235.2 181.1 253.3 214.1L303.1 308.2C305.1 312.1 303.7 316.1 299.8 319.1C295.9 321.1 291 319.7 288.9 315.8L239.1 222.5C223.8 193.9 194 176 161.5 176H158.5zM96 480C96 488.8 103.2 496 111.1 496C120.8 496 127.1 488.8 127.1 480V400C127.1 382.3 142.3 368 159.1 368C177.7 368 192 382.3 192 400V480C192 488.8 199.2 496 208 496C216.8 496 223.1 488.8 223.1 480V288C223.1 283.6 227.6 280 231.1 280C236.4 280 239.1 283.6 239.1 288V480C239.1 497.7 225.7 512 208 512C190.3 512 176 497.7 176 480V400C176 391.2 168.8 384 159.1 384C151.2 384 143.1 391.2 143.1 400V480C143.1 497.7 129.7 512 111.1 512C94.33 512 80 497.7 80 480V288C80 283.6 83.58 280 88 280C92.42 280 96 283.6 96 288V480z\"><\/path><\/svg>\t\t\t\t\t\t<\/span>\n\t\t\t\t\t\t\t\t\t\t<span class=\"elementor-icon-list-text\">Children over 8 years, not suitable for infants<\/span>\n\t\t\t\t\t\t\t\t\t<\/li>\n\t\t\t\t\t\t\t\t<li class=\"elementor-icon-list-item\">\n\t\t\t\t\t\t\t\t\t\t\t<span class=\"elementor-icon-list-icon\">\n\t\t\t\t\t\t\t<svg xmlns=\"http:\/\/www.w3.org\/2000\/svg\" viewbox=\"0 0 512 512\"><path d=\"M512 256C512 397.4 397.4 512 256 512C114.6 512 0 397.4 0 256C0 202.7 16.28 153.2 44.14 112.2C46.63 108.6 51.6 107.6 55.26 110.1C58.91 112.6 59.86 117.6 57.37 121.2C31.26 159.7 16 206 16 256C16 388.5 123.5 496 256 496C388.5 496 496 388.5 496 256C496 126.1 392.8 20.35 264 16.13V120C264 124.4 260.4 128 256 128C251.6 128 248 124.4 248 120V8C248 3.582 251.6 0 256 0C397.4 0 512 114.6 512 256zM261.7 250.3C264.8 253.5 264.8 258.5 261.7 261.7C258.5 264.8 253.5 264.8 250.3 261.7L154.3 165.7C151.2 162.5 151.2 157.5 154.3 154.3C157.5 151.2 162.5 151.2 165.7 154.3L261.7 250.3z\"><\/path><\/svg>\t\t\t\t\t\t<\/span>\n\t\t\t\t\t\t\t\t\t\t<span class=\"elementor-icon-list-text\">Minimum rental period 7 days<\/span>\n\t\t\t\t\t\t\t\t\t<\/li>\n\t\t\t\t\t\t\t\t<li class=\"elementor-icon-list-item\">\n\t\t\t\t\t\t\t\t\t\t\t<span class=\"elementor-icon-list-icon\">\n\t\t\t\t\t\t\t<svg xmlns=\"http:\/\/www.w3.org\/2000\/svg\" viewbox=\"0 0 576 512\"><path d=\"M432 92C432 85.37 437.4 80 444 80C450.6 80 456 85.37 456 92C456 98.63 450.6 104 444 104C437.4 104 432 98.63 432 92zM320 369.4C314.8 371.6 309.4 373.6 304 375.3C286.3 380.1 267.5 384 248 384C228.5 384 209.7 380.1 192 375.3C186.6 373.6 181.2 371.6 176 369.4V464C176 490.5 154.5 512 128 512H112C85.49 512 64 490.5 64 464V233.8C35.23 222.9 12.64 198.5 4.837 167.3L.9568 151.8C-3.33 134.6 7.095 117.2 24.24 112.1C41.39 108.7 58.76 119.1 63.05 136.2L66.93 151.8C70.49 166 83.29 176 97.97 176H314.7L340.7 19.85C342.6 8.395 352.5 0 364.1 0C371.6 0 378.6 3.52 383.1 9.502L400 32H444.1C456.8 32 469.1 37.06 478.1 46.06L496 64H544C561.7 64 576 78.33 576 96V120C576 159.8 543.8 192 504 192H441.3L432 247.1V464C432 490.5 410.5 512 384 512H368C341.5 512 320 490.5 320 464L320 369.4zM317.8 192H97.97C75.95 192 56.75 177 51.4 155.6L47.52 140.1C45.38 131.5 36.69 126.3 28.12 128.5C19.55 130.6 14.34 139.3 16.48 147.9L20.36 163.4C26.86 189.4 45.67 209.8 69.67 218.8L80 222.7V464C80 481.7 94.33 496 112 496H128C145.7 496 160 481.7 160 464V345.2L182.3 354.7C202.4 363.2 224.6 368 248 368C271.4 368 293.6 363.2 313.7 354.7L336 345.2V464C336 481.7 350.3 496 368 496H384C401.7 496 416 481.7 416 464V249.3L317.8 192zM427.8 176H504C534.9 176 560 150.9 560 120V96C560 87.16 552.8 80 544 80H489.4L466.7 57.37C460.7 51.37 452.6 48 444.1 48H392L370.3 19.1C368.9 17.15 366.6 16 364.1 16C360.3 16 357.1 18.74 356.5 22.48L330.1 180.6L418.4 232.2L427.8 176zM382.9 9.697L370.3 19.1z\"><\/path><\/svg>\t\t\t\t\t\t<\/span>\n\t\t\t\t\t\t\t\t\t\t<span class=\"elementor-icon-list-text\">pets not accepted<\/span>\n\t\t\t\t\t\t\t\t\t<\/li>\n\t\t\t\t\t\t\t\t<li class=\"elementor-icon-list-item\">\n\t\t\t\t\t\t\t\t\t\t\t<span class=\"elementor-icon-list-icon\">\n\t\t\t\t\t\t\t<svg xmlns=\"http:\/\/www.w3.org\/2000\/svg\" viewbox=\"0 0 640 512\"><path d=\"M329.9 340c-7.595 30.23-27.08 90.34-67.52 122.7c-48.55 38.68-205.8 33.91-244.1 31.99c1.622-9.029 4.524-24.4 8.642-42.9l90.79-107.7c4.118-4.905 4.43-11.68 .7488-16.9C113.1 322 107.5 319.9 101.6 322.2l-42.68 15.57c14.38-37.79 29.36-63.05 44.65-75.2c40.49-32.26 103.4-37.83 134.5-38.46c6.628-.1347 10.19-7.799 6.07-12.1c-1.54-1.945-3.847-3.081-6.326-3.04C204.7 208.6 138.2 214.5 93.6 250C73.82 265.7 55.13 298.9 38 348.5c-.9984 2.921-.2496 6.155 1.966 8.31c2.153 2.156 5.335 2.874 8.33 1.812l51.11-18.65l-86.83 103C11.76 443.1 11.17 445.1 10.89 446.4c-7.02 31.29-10.76 54.31-10.8 54.53c-.3432 2.234 .2496 4.499 1.654 6.264s3.463 2.843 5.71 2.999C10.39 510.4 36.29 512 71.36 512c65.14 0 161.9-5.655 200.1-36.8c44.55-35.61 65.17-99.12 73.15-131.3c.5987-2.408 .0137-4.913-1.529-6.856C339.8 331.8 331.5 333.6 329.9 340zM638.3 3.101c-2.714-3.515-7.738-4.124-11.2-1.406L380.3 193.9l-44.32-55.92c0-.0313 0 .0156 0 0c-3.994-4.936-9.906-7.357-16.49-6.733C313.2 132 307.8 135.9 305 141.8L281.3 193C280 195.7 280.4 198.1 282.3 201.3L363.8 304.1C365.3 306 367.6 307.1 370 307.1c.5616 0 1.123-.0625 1.654-.1718l55.13-11.75c6.24-1.281 11.26-5.608 13.45-11.59c2.184-6.014 1.154-12.61-2.839-17.67L390.3 206.4l246.7-192.1C640.4 11.61 641 6.585 638.3 3.101zM424.9 275.8c.6864 .8904 .5304 1.781 .3432 2.249c-.1872 .5311-.624 1.203-1.685 1.422l-50.36 10.73L297.9 195.3l21.59-46.71c.5304-1.062 1.435-1.328 1.934-1.39c.624-.1406 1.466 .0469 2.122 .8591L424.9 275.8z\"><\/path><\/svg>\t\t\t\t\t\t<\/span>\n\t\t\t\t\t\t\t\t\t\t<span class=\"elementor-icon-list-text\">Final cleaning at the end of your stay 350 \u20ac incl. VAT<\/span>\n\t\t\t\t\t\t\t\t\t<\/li>\n\t\t\t\t\t\t\t\t<li class=\"elementor-icon-list-item\">\n\t\t\t\t\t\t\t\t\t\t\t<span class=\"elementor-icon-list-icon\">\n\t\t\t\t\t\t\t<svg xmlns=\"http:\/\/www.w3.org\/2000\/svg\" viewbox=\"0 0 512 512\"><path d=\"M304 143.1c0-26.51-21.5-48-48.01-48S207.1 117.5 207.1 143.1S229.5 191.1 256 191.1S304 170.5 304 143.1zM223.1 144c0-17.64 14.36-32 32-32s32 14.36 32 32S273.6 176 256 176S223.1 161.6 223.1 144zM504 320h-62c-79.63 0-148.1 45.77-177.1 111V264.1C278.4 278.6 297.9 288 320 288c44.18 0 80-35.82 80-80c0-26.29-12.87-49.42-32.45-64C387.1 129.4 400 106.3 400 80C400 35.82 364.2 0 320 0c-26.29 0-49.42 12.87-64 32.46C241.4 12.87 218.3 0 192 0C147.8 0 112 35.82 112 80c0 26.29 12.87 49.41 32.45 63.1C124.9 158.6 112 181.7 112 208C112 252.2 147.8 288 192 288c22.07 0 41.57-9.383 56-23.88v166.9C218.1 365.8 149.6 320 69.1 320H8C3.578 320 0 323.6 0 328C0 429.5 87.03 512 193.1 512h124C424.1 512 512 429.5 512 328C512 323.6 508.4 320 504 320zM193.1 496c-95.31 0-173.4-71.06-177.8-160h53.8c95.31 0 173.4 71.06 177.8 160H193.1zM243.2 246C230.9 262.5 212.2 272 192 272c-35.29 0-64-28.71-64-64c0-20.21 9.475-38.86 25.99-51.17L171.2 144L153.1 131.2C137.5 118.9 128 100.2 128 80c0-35.29 28.71-64 64-64c20.22 0 38.87 9.473 51.17 25.99L256 59.23l12.83-17.23C281.1 25.47 299.8 16 320 16c35.29 0 64 28.71 64 64c0 20.21-9.475 38.86-25.99 51.17L340.8 144l17.23 12.83C374.5 169.1 384 187.8 384 208c0 35.29-28.71 64-64 64c-20.22 0-38.87-9.473-51.17-25.99L256 228.8L243.2 246zM255.6 256C255.7 255.8 255.9 255.7 256 255.6C256.1 255.7 256.3 255.8 256.4 256H255.6zM317.1 496h-53.8c4.438-88.94 82.48-160 177.8-160h53.8C491.4 424.9 413.3 496 317.1 496z\"><\/path><\/svg>\t\t\t\t\t\t<\/span>\n\t\t\t\t\t\t\t\t\t\t<span class=\"elementor-icon-list-text\">Rates from May 16 to October 15, outside these dates rates on request<\/span>\n\t\t\t\t\t\t\t\t\t<\/li>\n\t\t\t\t\t\t<\/ul>\n\t\t\t\t<\/div>\n\t\t\t\t<\/div>\n\t\t\t\t\t<\/div>\n\t\t\t\t<\/div>\n\t\t\t\t<\/div>","protected":false},"excerpt":{"rendered":"<p>Villa Arty Rivera Saint Paul De Vence Rates &amp; availability Rental conditions Restrictions Children over 8 years old, not suitable for infants Minimum rental period 7 days Pets not accepted Fees: final cleaning 350 \u20ac incl. VAT Rates from May 16 to October 15, in [...] [More details<\/p>","protected":false},"author":1,"featured_media":5585,"parent":0,"menu_order":0,"comment_status":"closed","ping_status":"closed","template":"elementor_header_footer","meta":{"footnotes":""},"class_list":["post-6309","page","type-page","status-publish","has-post-thumbnail","hentry"],"yoast_head":"<!-- This site is optimized with the Yoast SEO plugin v23.3 - https:\/\/yoast.com\/wordpress\/plugins\/seo\/ -->\n<title>Tarifs &amp; disponibilit\u00e9s | Villa Arty Riviera Saint Paul de Vence<\/title>\n<meta name=\"description\" content=\"Tarifs et disponibilit\u00e9s de la Villa \u00e0 st Paul De Vence, C\u00f4te d&#039;Azur, location villa meubl\u00e9e location saisonni\u00e8re piscine jardin plages\" \/>\n<meta name=\"robots\" content=\"index, follow, max-snippet:-1, max-image-preview:large, max-video-preview:-1\" \/>\n<link rel=\"canonical\" href=\"https:\/\/azurloftdesign.com\/en\/rates-availability\/\" \/>\n<meta property=\"og:locale\" content=\"en_US\" \/>\n<meta property=\"og:type\" content=\"article\" \/>\n<meta property=\"og:title\" content=\"Tarifs &amp; disponibilit\u00e9s | Villa Arty Riviera Saint Paul de Vence\" \/>\n<meta property=\"og:description\" content=\"Tarifs et disponibilit\u00e9s de la Villa \u00e0 st Paul De Vence, C\u00f4te d&#039;Azur, location villa meubl\u00e9e location saisonni\u00e8re piscine jardin plages\" \/>\n<meta property=\"og:url\" content=\"https:\/\/azurloftdesign.com\/en\/rates-availability\/\" \/>\n<meta property=\"og:site_name\" content=\"Villa Arty Riviera Saint Paul de Vence\" \/>\n<meta property=\"article:modified_time\" content=\"2026-02-26T22:10:57+00:00\" \/>\n<meta property=\"og:image\" content=\"https:\/\/azurloftdesign.com\/wp-content\/uploads\/2024\/06\/Azur-Loft-Design-Villa-St-Paul-De-Vence-Provence-b4f4c72d-b697-48b1-8b00-cb7d03423801.jpg\" \/>\n\t<meta property=\"og:image:width\" content=\"1920\" \/>\n\t<meta property=\"og:image:height\" content=\"1080\" \/>\n\t<meta property=\"og:image:type\" content=\"image\/jpeg\" \/>\n<meta name=\"twitter:card\" content=\"summary_large_image\" \/>\n<meta name=\"twitter:label1\" content=\"Est. reading time\" \/>\n\t<meta name=\"twitter:data1\" content=\"1 minute\" \/>\n<script type=\"application\/ld+json\" class=\"yoast-schema-graph\">{\"@context\":\"https:\/\/schema.org\",\"@graph\":[{\"@type\":\"WebPage\",\"@id\":\"https:\/\/azurloftdesign.com\/tarifs-disponibilites\/\",\"url\":\"https:\/\/azurloftdesign.com\/tarifs-disponibilites\/\",\"name\":\"Tarifs &amp; disponibilit\u00e9s | Villa Arty Riviera Saint Paul de Vence\",\"isPartOf\":{\"@id\":\"https:\/\/azurloftdesign.com\/#website\"},\"primaryImageOfPage\":{\"@id\":\"https:\/\/azurloftdesign.com\/tarifs-disponibilites\/#primaryimage\"},\"image\":{\"@id\":\"https:\/\/azurloftdesign.com\/tarifs-disponibilites\/#primaryimage\"},\"thumbnailUrl\":\"https:\/\/azurloftdesign.com\/wp-content\/uploads\/2024\/06\/Azur-Loft-Design-Villa-St-Paul-De-Vence-Provence-b4f4c72d-b697-48b1-8b00-cb7d03423801.jpg\",\"datePublished\":\"2024-06-17T14:38:36+00:00\",\"dateModified\":\"2026-02-26T22:10:57+00:00\",\"description\":\"Tarifs et disponibilit\u00e9s de la Villa \u00e0 st Paul De Vence, C\u00f4te d'Azur, location villa meubl\u00e9e location saisonni\u00e8re piscine jardin plages\",\"breadcrumb\":{\"@id\":\"https:\/\/azurloftdesign.com\/tarifs-disponibilites\/#breadcrumb\"},\"inLanguage\":\"en-US\",\"potentialAction\":[{\"@type\":\"ReadAction\",\"target\":[\"https:\/\/azurloftdesign.com\/tarifs-disponibilites\/\"]}]},{\"@type\":\"ImageObject\",\"inLanguage\":\"en-US\",\"@id\":\"https:\/\/azurloftdesign.com\/tarifs-disponibilites\/#primaryimage\",\"url\":\"https:\/\/azurloftdesign.com\/wp-content\/uploads\/2024\/06\/Azur-Loft-Design-Villa-St-Paul-De-Vence-Provence-b4f4c72d-b697-48b1-8b00-cb7d03423801.jpg\",\"contentUrl\":\"https:\/\/azurloftdesign.com\/wp-content\/uploads\/2024\/06\/Azur-Loft-Design-Villa-St-Paul-De-Vence-Provence-b4f4c72d-b697-48b1-8b00-cb7d03423801.jpg\",\"width\":1920,\"height\":1080},{\"@type\":\"BreadcrumbList\",\"@id\":\"https:\/\/azurloftdesign.com\/tarifs-disponibilites\/#breadcrumb\",\"itemListElement\":[{\"@type\":\"ListItem\",\"position\":1,\"name\":\"Accueil\",\"item\":\"https:\/\/azurloftdesign.com\/\"},{\"@type\":\"ListItem\",\"position\":2,\"name\":\"Tarifs &amp; disponibilit\u00e9s\"}]},{\"@type\":\"WebSite\",\"@id\":\"https:\/\/azurloftdesign.com\/#website\",\"url\":\"https:\/\/azurloftdesign.com\/\",\"name\":\"Villa Arty Riviera Saint Paul de Vence\",\"description\":\"Villa Arty Riviera Saint Paul de Vence\",\"publisher\":{\"@id\":\"https:\/\/azurloftdesign.com\/#organization\"},\"potentialAction\":[{\"@type\":\"SearchAction\",\"target\":{\"@type\":\"EntryPoint\",\"urlTemplate\":\"https:\/\/azurloftdesign.com\/?s={search_term_string}\"},\"query-input\":\"required name=search_term_string\"}],\"inLanguage\":\"en-US\"},{\"@type\":\"Organization\",\"@id\":\"https:\/\/azurloftdesign.com\/#organization\",\"name\":\"Azur Lof Design |\u00a0Villa Arty Riviera\",\"url\":\"https:\/\/azurloftdesign.com\/\",\"logo\":{\"@type\":\"ImageObject\",\"inLanguage\":\"en-US\",\"@id\":\"https:\/\/azurloftdesign.com\/#\/schema\/logo\/image\/\",\"url\":\"https:\/\/azurloftdesign.com\/wp-content\/uploads\/2024\/06\/screenshot-2.jpg\",\"contentUrl\":\"https:\/\/azurloftdesign.com\/wp-content\/uploads\/2024\/06\/screenshot-2.jpg\",\"width\":609,\"height\":139,\"caption\":\"Azur Lof Design |\u00a0Villa Arty Riviera\"},\"image\":{\"@id\":\"https:\/\/azurloftdesign.com\/#\/schema\/logo\/image\/\"}}]}<\/script>\n<!-- \/ Yoast SEO plugin. -->","yoast_head_json":{"title":"Tarifs &amp; disponibilit\u00e9s | Villa Arty Riviera Saint Paul de Vence","description":"Tarifs et disponibilit\u00e9s de la Villa \u00e0 st Paul De Vence, C\u00f4te d'Azur, location villa meubl\u00e9e location saisonni\u00e8re piscine jardin plages","robots":{"index":"index","follow":"follow","max-snippet":"max-snippet:-1","max-image-preview":"max-image-preview:large","max-video-preview":"max-video-preview:-1"},"canonical":"https:\/\/azurloftdesign.com\/en\/rates-availability\/","og_locale":"en_US","og_type":"article","og_title":"Tarifs &amp; disponibilit\u00e9s | Villa Arty Riviera Saint Paul de Vence","og_description":"Tarifs et disponibilit\u00e9s de la Villa \u00e0 st Paul De Vence, C\u00f4te d'Azur, location villa meubl\u00e9e location saisonni\u00e8re piscine jardin plages","og_url":"https:\/\/azurloftdesign.com\/en\/rates-availability\/","og_site_name":"Villa Arty Riviera Saint Paul de Vence","article_modified_time":"2026-02-26T22:10:57+00:00","og_image":[{"width":1920,"height":1080,"url":"https:\/\/azurloftdesign.com\/wp-content\/uploads\/2024\/06\/Azur-Loft-Design-Villa-St-Paul-De-Vence-Provence-b4f4c72d-b697-48b1-8b00-cb7d03423801.jpg","type":"image\/jpeg"}],"twitter_card":"summary_large_image","twitter_misc":{"Est. reading time":"1 minute"},"schema":{"@context":"https:\/\/schema.org","@graph":[{"@type":"WebPage","@id":"https:\/\/azurloftdesign.com\/tarifs-disponibilites\/","url":"https:\/\/azurloftdesign.com\/tarifs-disponibilites\/","name":"Tarifs &amp; disponibilit\u00e9s | Villa Arty Riviera Saint Paul de Vence","isPartOf":{"@id":"https:\/\/azurloftdesign.com\/#website"},"primaryImageOfPage":{"@id":"https:\/\/azurloftdesign.com\/tarifs-disponibilites\/#primaryimage"},"image":{"@id":"https:\/\/azurloftdesign.com\/tarifs-disponibilites\/#primaryimage"},"thumbnailUrl":"https:\/\/azurloftdesign.com\/wp-content\/uploads\/2024\/06\/Azur-Loft-Design-Villa-St-Paul-De-Vence-Provence-b4f4c72d-b697-48b1-8b00-cb7d03423801.jpg","datePublished":"2024-06-17T14:38:36+00:00","dateModified":"2026-02-26T22:10:57+00:00","description":"Tarifs et disponibilit\u00e9s de la Villa \u00e0 st Paul De Vence, C\u00f4te d'Azur, location villa meubl\u00e9e location saisonni\u00e8re piscine jardin plages","breadcrumb":{"@id":"https:\/\/azurloftdesign.com\/tarifs-disponibilites\/#breadcrumb"},"inLanguage":"en-US","potentialAction":[{"@type":"ReadAction","target":["https:\/\/azurloftdesign.com\/tarifs-disponibilites\/"]}]},{"@type":"ImageObject","inLanguage":"en-US","@id":"https:\/\/azurloftdesign.com\/tarifs-disponibilites\/#primaryimage","url":"https:\/\/azurloftdesign.com\/wp-content\/uploads\/2024\/06\/Azur-Loft-Design-Villa-St-Paul-De-Vence-Provence-b4f4c72d-b697-48b1-8b00-cb7d03423801.jpg","contentUrl":"https:\/\/azurloftdesign.com\/wp-content\/uploads\/2024\/06\/Azur-Loft-Design-Villa-St-Paul-De-Vence-Provence-b4f4c72d-b697-48b1-8b00-cb7d03423801.jpg","width":1920,"height":1080},{"@type":"BreadcrumbList","@id":"https:\/\/azurloftdesign.com\/tarifs-disponibilites\/#breadcrumb","itemListElement":[{"@type":"ListItem","position":1,"name":"Accueil","item":"https:\/\/azurloftdesign.com\/"},{"@type":"ListItem","position":2,"name":"Tarifs &amp; disponibilit\u00e9s"}]},{"@type":"WebSite","@id":"https:\/\/azurloftdesign.com\/#website","url":"https:\/\/azurloftdesign.com\/","name":"Villa Arty Riviera Saint Paul de Vence","description":"Villa Arty Riviera Saint Paul de Vence","publisher":{"@id":"https:\/\/azurloftdesign.com\/#organization"},"potentialAction":[{"@type":"SearchAction","target":{"@type":"EntryPoint","urlTemplate":"https:\/\/azurloftdesign.com\/?s={search_term_string}"},"query-input":"required name=search_term_string"}],"inLanguage":"en-US"},{"@type":"Organization","@id":"https:\/\/azurloftdesign.com\/#organization","name":"Azur Lof Design |\u00a0Villa Arty Riviera","url":"https:\/\/azurloftdesign.com\/","logo":{"@type":"ImageObject","inLanguage":"en-US","@id":"https:\/\/azurloftdesign.com\/#\/schema\/logo\/image\/","url":"https:\/\/azurloftdesign.com\/wp-content\/uploads\/2024\/06\/screenshot-2.jpg","contentUrl":"https:\/\/azurloftdesign.com\/wp-content\/uploads\/2024\/06\/screenshot-2.jpg","width":609,"height":139,"caption":"Azur Lof Design |\u00a0Villa Arty Riviera"},"image":{"@id":"https:\/\/azurloftdesign.com\/#\/schema\/logo\/image\/"}}]}},"_links":{"self":[{"href":"https:\/\/azurloftdesign.com\/en\/wp-json\/wp\/v2\/pages\/6309","targetHints":{"allow":["GET"]}}],"collection":[{"href":"https:\/\/azurloftdesign.com\/en\/wp-json\/wp\/v2\/pages"}],"about":[{"href":"https:\/\/azurloftdesign.com\/en\/wp-json\/wp\/v2\/types\/page"}],"author":[{"embeddable":true,"href":"https:\/\/azurloftdesign.com\/en\/wp-json\/wp\/v2\/users\/1"}],"replies":[{"embeddable":true,"href":"https:\/\/azurloftdesign.com\/en\/wp-json\/wp\/v2\/comments?post=6309"}],"version-history":[{"count":6,"href":"https:\/\/azurloftdesign.com\/en\/wp-json\/wp\/v2\/pages\/6309\/revisions"}],"predecessor-version":[{"id":6868,"href":"https:\/\/azurloftdesign.com\/en\/wp-json\/wp\/v2\/pages\/6309\/revisions\/6868"}],"wp:featuredmedia":[{"embeddable":true,"href":"https:\/\/azurloftdesign.com\/en\/wp-json\/wp\/v2\/media\/5585"}],"wp:attachment":[{"href":"https:\/\/azurloftdesign.com\/en\/wp-json\/wp\/v2\/media?parent=6309"}],"curies":[{"name":"wp","href":"https:\/\/api.w.org\/{rel}","templated":true}]}}